{"id":184,"date":"2024-04-24T19:02:00","date_gmt":"2024-04-24T19:02:00","guid":{"rendered":"https:\/\/thaimassagetorremolinos.com\/?page_id=184"},"modified":"2025-03-17T13:04:41","modified_gmt":"2025-03-17T13:04:41","slug":"localizacion","status":"publish","type":"page","link":"https:\/\/thaimassagetorremolinos.com\/en\/location\/","title":{"rendered":"Location"},"content":{"rendered":"<div class=\"wp-block-stackable-columns stk-block-columns stk-block stk-dc489ee\" data-block-id=\"dc489ee\"><style>.stk-dc489ee .stk--block-align-dc489ee{align-items:center !important}.stk-dc489ee{margin-top:90px !important;margin-bottom:90px !important}<\/style><div class=\"stk-row stk-inner-blocks stk--block-align-dc489ee stk-block-content stk-content-align stk-dc489ee-column\">\n<div class=\"wp-block-stackable-column stk-block-column stk-column stk-block stk-f2af4e9\" data-v=\"4\" data-block-id=\"f2af4e9\"><style>.stk-f2af4e9-container{margin-top:0px !important;margin-right:0px !important;margin-bottom:0px !important;margin-left:0px !important}.stk-f2af4e9-inner-blocks{row-gap:70px !important}<\/style><div class=\"stk-column-wrapper stk-block-column__content stk-container stk-f2af4e9-container stk--no-background stk--no-padding\"><div class=\"stk-block-content stk-inner-blocks stk-f2af4e9-inner-blocks\">\n<div class=\"wp-block-stackable-columns stk-block-columns stk-block stk-3679103\" data-block-id=\"3679103\"><style>.stk-3679103{margin-bottom:0px !important}<\/style><div class=\"stk-row stk-inner-blocks stk-block-content stk-content-align stk-3679103-column\">\n<div class=\"wp-block-stackable-column stk-block-column stk-column stk-block stk-651be9b\" data-v=\"4\" data-block-id=\"651be9b\"><style>.stk-651be9b-container{margin-top:0px !important;margin-right:0px !important;margin-bottom:0px !important;margin-left:0px !important}.stk-651be9b-inner-blocks{row-gap:10px !important}<\/style><div class=\"stk-column-wrapper stk-block-column__content stk-container stk-651be9b-container stk--no-background stk--no-padding\"><div class=\"has-text-align-left stk-block-content stk-inner-blocks stk-651be9b-inner-blocks\">\n<h2 class=\"wp-block-heading has-text-color has-link-color wp-elements-d774e5e9d9bfcdf2274d92f1191e2483\" style=\"color:#ab9144;margin-top:0;margin-bottom:0;padding-top:0;padding-bottom:0;font-size:24px;font-style:normal;font-weight:100;text-transform:uppercase\"><strong>Lotus<\/strong><\/h2>\n\n\n\n<h1 class=\"wp-block-heading has-ast-global-color-1-color has-text-color has-link-color wp-elements-ffc45872b17d8323dda20577616f2a8e\" style=\"margin-top:0;margin-bottom:0;padding-top:0;padding-bottom:0;font-size:60px\">Where we are located?<\/h1>\n<\/div><\/div><\/div>\n<\/div><\/div>\n\n\n\n<div class=\"wp-block-stackable-columns stk-block-columns stk-block stk-ab9722d\" data-block-id=\"ab9722d\"><style>.stk-ab9722d{margin-bottom:0px !important}<\/style><div class=\"stk-row stk-inner-blocks stk-block-content stk-content-align stk-ab9722d-column\">\n<div class=\"wp-block-stackable-column stk-block-column stk-column stk-block stk-b4469db\" data-v=\"4\" data-block-id=\"b4469db\"><style>.stk-b4469db-container{margin-top:0px !important;margin-right:0px !important;margin-bottom:0px !important;margin-left:0px !important}<\/style><div class=\"stk-column-wrapper stk-block-column__content stk-container stk-b4469db-container stk--no-background stk--no-padding\"><div class=\"stk-block-content stk-inner-blocks stk-b4469db-inner-blocks\">\n<h2 class=\"wp-block-heading has-text-align-center wrapBalance has-text-color has-link-color wp-elements-8c3b00fdbfa474d15c59d1a45164607d\" style=\"color:#ab9144;margin-top:0;margin-right:0;margin-bottom:0;margin-left:0;padding-top:0;padding-right:0;padding-bottom:0;padding-left:0;font-size:40px;font-style:normal;font-weight:100\"><strong>Address<\/strong><\/h2>\n\n\n\n<h3 class=\"wp-block-heading has-text-align-center wrapBalance has-text-color has-link-color wp-elements-b9c2d25a91510974309b0e534624ba73\" style=\"color:#ab9144;margin-top:0;margin-right:0;margin-bottom:0;margin-left:0;padding-top:0;padding-right:0;padding-bottom:0;padding-left:0;font-size:30px;font-style:normal;font-weight:100\"><strong>Calle Salvador Allende, 50, local 9, 29620<\/strong><\/h3>\n<\/div><\/div><\/div>\n<\/div><\/div>\n\n\n\n<div class=\"wp-block-stackable-columns stk-block-columns stk-block stk-5fb43fd\" data-block-id=\"5fb43fd\"><style>.stk-5fb43fd{margin-bottom:0px !important}<\/style><div class=\"stk-row stk-inner-blocks stk-block-content stk-content-align stk-5fb43fd-column\">\n<div class=\"wp-block-stackable-column stk-block-column stk-column stk-block stk-d09da0e\" data-v=\"4\" data-block-id=\"d09da0e\"><style>.stk-d09da0e-container{margin-top:0px !important;margin-right:0px !important;margin-bottom:0px !important;margin-left:0px !important}<\/style><div class=\"stk-column-wrapper stk-block-column__content stk-container stk-d09da0e-container stk--no-background stk--no-padding\"><div class=\"stk-block-content stk-inner-blocks stk-d09da0e-inner-blocks\">\n<div class=\"wp-block-stackable-button-group stk-block-button-group stk-block stk-6388069\" data-block-id=\"6388069\"><div class=\"stk-row stk-inner-blocks has-text-align-center stk-block-content stk-button-group\">\n<div class=\"wp-block-stackable-button stk-block-button stk-block stk-c2833f4\" data-block-id=\"c2833f4\"><style>.stk-c2833f4 .stk-button{padding-top:10px !important;padding-right:40px !important;padding-bottom:10px !important;padding-left:40px !important;background:var(--ast-global-color-1) !important;border-top-left-radius:24px !important;border-top-right-radius:24px !important;border-bottom-right-radius:24px !important;border-bottom-left-radius:24px !important}.stk-c2833f4 .stk-button__inner-text{font-size:16px !important;color:#ffffff !important;font-weight:600 !important}@media screen and (max-width:1023px){.stk-c2833f4 .stk-button__inner-text{font-size:16px !important}}<\/style><a class=\"stk-link stk-button stk--hover-effect-scale\" href=\"https:\/\/thaimassagetorremolinos.com\/en\/contact\/\"><span class=\"stk--svg-wrapper\"><div class=\"stk--inner-svg\"><svg xmlns=\"http:\/\/www.w3.org\/2000\/svg\" viewbox=\"0 0 448 512\" aria-hidden=\"true\" width=\"32\" height=\"32\"><path d=\"M96 32V64H48C21.5 64 0 85.5 0 112v48H448V112c0-26.5-21.5-48-48-48H352V32c0-17.7-14.3-32-32-32s-32 14.3-32 32V64H160V32c0-17.7-14.3-32-32-32S96 14.3 96 32zM448 192H0V464c0 26.5 21.5 48 48 48H400c26.5 0 48-21.5 48-48V192z\"><\/path><\/svg><\/div><\/span><span class=\"has-text-color stk-button__inner-text\">Booking now<\/span><\/a><\/div>\n<\/div><\/div>\n<\/div><\/div><\/div>\n<\/div><\/div>\n\n\n\n<div class=\"wp-block-stackable-columns stk-block-columns stk-block stk-48fb96f\" data-block-id=\"48fb96f\"><style>.stk-48fb96f{margin-bottom:0px !important}.stk-48fb96f-column{--stk-columns-spacing:20px !important;--stk-column-gap:20px !important}@media screen and (max-width:767px){.stk-48fb96f-column{row-gap:20px !important}}<\/style><div class=\"stk-row stk-inner-blocks stk-block-content stk-content-align stk-48fb96f-column\">\n<div class=\"wp-block-stackable-column stk-block-column stk-column stk-block stk-f825075\" data-v=\"4\" data-block-id=\"f825075\"><style>.stk-f825075-container{margin-top:0px !important;margin-right:0px !important;margin-bottom:0px !important;margin-left:0px !important}.stk-f825075{border-top-left-radius:24px !important;border-top-right-radius:24px !important;border-bottom-right-radius:24px !important;border-bottom-left-radius:24px !important;overflow:hidden !important}@media screen and (min-width:768px){.stk-f825075{flex:var(--stk-flex-grow,1) 1 calc(30% - var(--stk-column-gap,0px) * 1 \/ 2 ) !important}}<\/style><div class=\"stk-column-wrapper stk-block-column__content stk-container stk-f825075-container stk--no-background stk--no-padding\"><div class=\"stk-block-content stk-inner-blocks stk-f825075-inner-blocks\">\n<figure class=\"wp-block-image size-full\"><img loading=\"lazy\" decoding=\"async\" width=\"800\" height=\"1000\" src=\"https:\/\/thaimassagetorremolinos.com\/wp-content\/uploads\/2025\/03\/thai-massage-torremolinos-1.webp\" alt=\"\" class=\"wp-image-1011\" style=\"object-fit:cover\" srcset=\"https:\/\/thaimassagetorremolinos.com\/wp-content\/uploads\/2025\/03\/thai-massage-torremolinos-1.webp 800w, https:\/\/thaimassagetorremolinos.com\/wp-content\/uploads\/2025\/03\/thai-massage-torremolinos-1-240x300.webp 240w, https:\/\/thaimassagetorremolinos.com\/wp-content\/uploads\/2025\/03\/thai-massage-torremolinos-1-768x960.webp 768w, https:\/\/thaimassagetorremolinos.com\/wp-content\/uploads\/2025\/03\/thai-massage-torremolinos-1-10x12.webp 10w\" sizes=\"auto, (max-width: 800px) 100vw, 800px\" \/><\/figure>\n<\/div><\/div><\/div>\n\n\n\n<div class=\"wp-block-stackable-column stk-block-column stk-column stk-block stk-fdb9919\" data-v=\"4\" data-block-id=\"fdb9919\"><style>.stk-fdb9919-container{margin-top:0px !important;margin-right:0px !important;margin-bottom:0px !important;margin-left:0px !important}.stk-fdb9919{border-top-left-radius:24px !important;border-top-right-radius:24px !important;border-bottom-right-radius:24px !important;border-bottom-left-radius:24px !important;overflow:hidden !important}@media screen and (min-width:768px){.stk-fdb9919{flex:var(--stk-flex-grow,1) 1 calc(70% - var(--stk-column-gap,0px) * 1 \/ 2 ) !important}}<\/style><div class=\"stk-column-wrapper stk-block-column__content stk-container stk-fdb9919-container stk--no-background stk--no-padding\"><div class=\"stk-block-content stk-inner-blocks stk-fdb9919-inner-blocks\">\n<div class=\"wp-block-stackable-map stk-block-map stk-block stk-4bcdad0\" data-block-id=\"4bcdad0\"><style>.stk-4bcdad0 .stk-block-map__canvas,.stk-4bcdad0 iframe{height:450px !important}@media screen and (max-width:1023px){.stk-4bcdad0 .stk-block-map__canvas,.stk-4bcdad0 iframe{height:269px !important}}@media screen and (max-width:767px){.stk-4bcdad0 .stk-block-map__canvas,.stk-4bcdad0 iframe{height:300px !important}}<\/style><iframe\n\t\t\t\t\t\ttitle=\"Embedded content from Google Maps Platform.\"\n\t\t\t\t\t\tsrc=\"https:\/\/maps.google.com\/maps?q=C. Salvador Allende, 50, local 9, 29620 Torremolinos, M\u00e1laga, Espa\u00f1a&#038;t=&#038;z=15&#038;ie=UTF8&#038;output=embed\"\n\t\t\t\t\t\tstyle=\"border:0;width:100%;max-width:none;max-height:none;height:100%;\"\n\t\t\t\t\t\taria-hidden=\"false\"\n\t\t\t\t\t\ttabindex=\"0\"\n\t\t\t\t\t\tallowfullscreen\n\t\t\t\t\t\tloading=\"lazy\"\n\t\t\t\t\t\tframeborder=\"0\"\n\t\t\t\t\t><\/iframe><\/div>\n<\/div><\/div><\/div>\n<\/div><\/div>\n<\/div><\/div><\/div>\n<\/div><\/div>","protected":false},"excerpt":{"rendered":"<p>Lotus \u00bfD\u00f3nde nos ubicamos? Direcci\u00f3n Calle Salvador Allende, 50, local 9, 29620 Reserva ahora<\/p>","protected":false},"author":2,"featured_media":0,"parent":0,"menu_order":0,"comment_status":"closed","ping_status":"closed","template":"","meta":{"site-sidebar-layout":"default","site-content-layout":"","ast-site-content-layout":"","site-content-style":"default","site-sidebar-style":"default","ast-global-header-display":"","ast-banner-title-visibility":"","ast-main-header-display":"","ast-hfb-above-header-display":"","ast-hfb-below-header-display":"","ast-hfb-mobile-header-display":"","site-post-title":"disabled","ast-breadcrumbs-content":"","ast-featured-img":"","footer-sml-layout":"","theme-transparent-header-meta":"","adv-header-id-meta":"","stick-header-meta":"","header-above-stick-meta":"","header-main-stick-meta":"","header-below-stick-meta":"","astra-migrate-meta-layouts":"default","ast-page-background-enabled":"default","ast-page-background-meta":{"desktop":{"background-color":"var(--ast-global-color-4)","background-image":"","background-repeat":"repeat","background-position":"center center","background-size":"auto","background-attachment":"scroll","background-type":"","background-media":"","overlay-type":"","overlay-color":"","overlay-opacity":"","overlay-gradient":""},"tablet":{"background-color":"","background-image":"","background-repeat":"repeat","background-position":"center center","background-size":"auto","background-attachment":"scroll","background-type":"","background-media":"","overlay-type":"","overlay-color":"","overlay-opacity":"","overlay-gradient":""},"mobile":{"background-color":"","background-image":"","background-repeat":"repeat","background-position":"center center","background-size":"auto","background-attachment":"scroll","background-type":"","background-media":"","overlay-type":"","overlay-color":"","overlay-opacity":"","overlay-gradient":""}},"ast-content-background-meta":{"desktop":{"background-color":"var(--ast-global-color-5)","background-image":"","background-repeat":"repeat","background-position":"center center","background-size":"auto","background-attachment":"scroll","background-type":"","background-media":"","overlay-type":"","overlay-color":"","overlay-opacity":"","overlay-gradient":""},"tablet":{"background-color":"var(--ast-global-color-5)","background-image":"","background-repeat":"repeat","background-position":"center center","background-size":"auto","background-attachment":"scroll","background-type":"","background-media":"","overlay-type":"","overlay-color":"","overlay-opacity":"","overlay-gradient":""},"mobile":{"background-color":"var(--ast-global-color-5)","background-image":"","background-repeat":"repeat","background-position":"center center","background-size":"auto","background-attachment":"scroll","background-type":"","background-media":"","overlay-type":"","overlay-color":"","overlay-opacity":"","overlay-gradient":""}},"footnotes":""},"class_list":["post-184","page","type-page","status-publish","hentry"],"yoast_head":"<!-- This site is optimized with the Yoast SEO plugin v23.3 - https:\/\/yoast.com\/wordpress\/plugins\/seo\/ -->\n<title>\u25b7 Localizaci\u00f3n | Lotus Thai Massage<\/title>\n<meta name=\"description\" content=\"Encuentra Lotus Thai Massage en Torremolinos. Ven y disfruta de aut\u00e9nticos masajes tailandeses en una ubicaci\u00f3n conveniente y relajante.&quot;\" \/>\n<meta name=\"robots\" content=\"index, follow, max-snippet:-1, max-image-preview:large, max-video-preview:-1\" \/>\n<link rel=\"canonical\" href=\"https:\/\/thaimassagetorremolinos.com\/en\/location\/\" \/>\n<meta property=\"og:locale\" content=\"en_GB\" \/>\n<meta property=\"og:type\" content=\"article\" \/>\n<meta property=\"og:title\" content=\"\u25b7 Localizaci\u00f3n | Lotus Thai Massage\" \/>\n<meta property=\"og:description\" content=\"Encuentra Lotus Thai Massage en Torremolinos. Ven y disfruta de aut\u00e9nticos masajes tailandeses en una ubicaci\u00f3n conveniente y relajante.&quot;\" \/>\n<meta property=\"og:url\" content=\"https:\/\/thaimassagetorremolinos.com\/en\/location\/\" \/>\n<meta property=\"og:site_name\" content=\"Lotus Masajes\" \/>\n<meta property=\"article:modified_time\" content=\"2025-03-17T13:04:41+00:00\" \/>\n<meta name=\"twitter:card\" content=\"summary_large_image\" \/>\n<meta name=\"twitter:label1\" content=\"Estimated reading time\" \/>\n\t<meta name=\"twitter:data1\" content=\"1 minute\" \/>\n<script type=\"application\/ld+json\" class=\"yoast-schema-graph\">{\"@context\":\"https:\/\/schema.org\",\"@graph\":[{\"@type\":\"WebPage\",\"@id\":\"https:\/\/thaimassagetorremolinos.com\/localizacion\/\",\"url\":\"https:\/\/thaimassagetorremolinos.com\/localizacion\/\",\"name\":\"\u25b7 Localizaci\u00f3n | Lotus Thai Massage\",\"isPartOf\":{\"@id\":\"https:\/\/thaimassagetorremolinos.com\/#website\"},\"primaryImageOfPage\":{\"@id\":\"https:\/\/thaimassagetorremolinos.com\/localizacion\/#primaryimage\"},\"image\":{\"@id\":\"https:\/\/thaimassagetorremolinos.com\/localizacion\/#primaryimage\"},\"thumbnailUrl\":\"https:\/\/thaimassagetorremolinos.com\/wp-content\/uploads\/2025\/03\/thai-massage-torremolinos-1.webp\",\"datePublished\":\"2024-04-24T19:02:00+00:00\",\"dateModified\":\"2025-03-17T13:04:41+00:00\",\"description\":\"Encuentra Lotus Thai Massage en Torremolinos. Ven y disfruta de aut\u00e9nticos masajes tailandeses en una ubicaci\u00f3n conveniente y relajante.\\\"\",\"breadcrumb\":{\"@id\":\"https:\/\/thaimassagetorremolinos.com\/localizacion\/#breadcrumb\"},\"inLanguage\":\"en-GB\",\"potentialAction\":[{\"@type\":\"ReadAction\",\"target\":[\"https:\/\/thaimassagetorremolinos.com\/localizacion\/\"]}]},{\"@type\":\"ImageObject\",\"inLanguage\":\"en-GB\",\"@id\":\"https:\/\/thaimassagetorremolinos.com\/localizacion\/#primaryimage\",\"url\":\"https:\/\/thaimassagetorremolinos.com\/wp-content\/uploads\/2025\/03\/thai-massage-torremolinos-1.webp\",\"contentUrl\":\"https:\/\/thaimassagetorremolinos.com\/wp-content\/uploads\/2025\/03\/thai-massage-torremolinos-1.webp\"},{\"@type\":\"BreadcrumbList\",\"@id\":\"https:\/\/thaimassagetorremolinos.com\/localizacion\/#breadcrumb\",\"itemListElement\":[{\"@type\":\"ListItem\",\"position\":1,\"name\":\"Portada\",\"item\":\"https:\/\/thaimassagetorremolinos.com\/\"},{\"@type\":\"ListItem\",\"position\":2,\"name\":\"Localizaci\u00f3n\"}]},{\"@type\":\"WebSite\",\"@id\":\"https:\/\/thaimassagetorremolinos.com\/#website\",\"url\":\"https:\/\/thaimassagetorremolinos.com\/\",\"name\":\"Lotus Masajes\",\"description\":\"Masajes Tailandeses\",\"publisher\":{\"@id\":\"https:\/\/thaimassagetorremolinos.com\/#organization\"},\"potentialAction\":[{\"@type\":\"SearchAction\",\"target\":{\"@type\":\"EntryPoint\",\"urlTemplate\":\"https:\/\/thaimassagetorremolinos.com\/?s={search_term_string}\"},\"query-input\":\"required name=search_term_string\"}],\"inLanguage\":\"en-GB\"},{\"@type\":\"Organization\",\"@id\":\"https:\/\/thaimassagetorremolinos.com\/#organization\",\"name\":\"Lotus Masajes\",\"url\":\"https:\/\/thaimassagetorremolinos.com\/\",\"logo\":{\"@type\":\"ImageObject\",\"inLanguage\":\"en-GB\",\"@id\":\"https:\/\/thaimassagetorremolinos.com\/#\/schema\/logo\/image\/\",\"url\":\"https:\/\/thaimassagetorremolinos.com\/wp-content\/uploads\/2024\/04\/cropped-Diseno-banderola-1.webp\",\"contentUrl\":\"https:\/\/thaimassagetorremolinos.com\/wp-content\/uploads\/2024\/04\/cropped-Diseno-banderola-1.webp\",\"width\":221,\"height\":222,\"caption\":\"Lotus Masajes\"},\"image\":{\"@id\":\"https:\/\/thaimassagetorremolinos.com\/#\/schema\/logo\/image\/\"}}]}<\/script>\n<!-- \/ Yoast SEO plugin. -->","yoast_head_json":{"title":"\u25b7 Localizaci\u00f3n | Lotus Thai Massage","description":"Encuentra Lotus Thai Massage en Torremolinos. Ven y disfruta de aut\u00e9nticos masajes tailandeses en una ubicaci\u00f3n conveniente y relajante.\"","robots":{"index":"index","follow":"follow","max-snippet":"max-snippet:-1","max-image-preview":"max-image-preview:large","max-video-preview":"max-video-preview:-1"},"canonical":"https:\/\/thaimassagetorremolinos.com\/en\/location\/","og_locale":"en_GB","og_type":"article","og_title":"\u25b7 Localizaci\u00f3n | Lotus Thai Massage","og_description":"Encuentra Lotus Thai Massage en Torremolinos. Ven y disfruta de aut\u00e9nticos masajes tailandeses en una ubicaci\u00f3n conveniente y relajante.\"","og_url":"https:\/\/thaimassagetorremolinos.com\/en\/location\/","og_site_name":"Lotus Masajes","article_modified_time":"2025-03-17T13:04:41+00:00","twitter_card":"summary_large_image","twitter_misc":{"Estimated reading time":"1 minute"},"schema":{"@context":"https:\/\/schema.org","@graph":[{"@type":"WebPage","@id":"https:\/\/thaimassagetorremolinos.com\/localizacion\/","url":"https:\/\/thaimassagetorremolinos.com\/localizacion\/","name":"\u25b7 Localizaci\u00f3n | Lotus Thai Massage","isPartOf":{"@id":"https:\/\/thaimassagetorremolinos.com\/#website"},"primaryImageOfPage":{"@id":"https:\/\/thaimassagetorremolinos.com\/localizacion\/#primaryimage"},"image":{"@id":"https:\/\/thaimassagetorremolinos.com\/localizacion\/#primaryimage"},"thumbnailUrl":"https:\/\/thaimassagetorremolinos.com\/wp-content\/uploads\/2025\/03\/thai-massage-torremolinos-1.webp","datePublished":"2024-04-24T19:02:00+00:00","dateModified":"2025-03-17T13:04:41+00:00","description":"Encuentra Lotus Thai Massage en Torremolinos. Ven y disfruta de aut\u00e9nticos masajes tailandeses en una ubicaci\u00f3n conveniente y relajante.\"","breadcrumb":{"@id":"https:\/\/thaimassagetorremolinos.com\/localizacion\/#breadcrumb"},"inLanguage":"en-GB","potentialAction":[{"@type":"ReadAction","target":["https:\/\/thaimassagetorremolinos.com\/localizacion\/"]}]},{"@type":"ImageObject","inLanguage":"en-GB","@id":"https:\/\/thaimassagetorremolinos.com\/localizacion\/#primaryimage","url":"https:\/\/thaimassagetorremolinos.com\/wp-content\/uploads\/2025\/03\/thai-massage-torremolinos-1.webp","contentUrl":"https:\/\/thaimassagetorremolinos.com\/wp-content\/uploads\/2025\/03\/thai-massage-torremolinos-1.webp"},{"@type":"BreadcrumbList","@id":"https:\/\/thaimassagetorremolinos.com\/localizacion\/#breadcrumb","itemListElement":[{"@type":"ListItem","position":1,"name":"Portada","item":"https:\/\/thaimassagetorremolinos.com\/"},{"@type":"ListItem","position":2,"name":"Localizaci\u00f3n"}]},{"@type":"WebSite","@id":"https:\/\/thaimassagetorremolinos.com\/#website","url":"https:\/\/thaimassagetorremolinos.com\/","name":"Lotus Masajes","description":"Masajes Tailandeses","publisher":{"@id":"https:\/\/thaimassagetorremolinos.com\/#organization"},"potentialAction":[{"@type":"SearchAction","target":{"@type":"EntryPoint","urlTemplate":"https:\/\/thaimassagetorremolinos.com\/?s={search_term_string}"},"query-input":"required name=search_term_string"}],"inLanguage":"en-GB"},{"@type":"Organization","@id":"https:\/\/thaimassagetorremolinos.com\/#organization","name":"Lotus Masajes","url":"https:\/\/thaimassagetorremolinos.com\/","logo":{"@type":"ImageObject","inLanguage":"en-GB","@id":"https:\/\/thaimassagetorremolinos.com\/#\/schema\/logo\/image\/","url":"https:\/\/thaimassagetorremolinos.com\/wp-content\/uploads\/2024\/04\/cropped-Diseno-banderola-1.webp","contentUrl":"https:\/\/thaimassagetorremolinos.com\/wp-content\/uploads\/2024\/04\/cropped-Diseno-banderola-1.webp","width":221,"height":222,"caption":"Lotus Masajes"},"image":{"@id":"https:\/\/thaimassagetorremolinos.com\/#\/schema\/logo\/image\/"}}]}},"_links":{"self":[{"href":"https:\/\/thaimassagetorremolinos.com\/en\/wp-json\/wp\/v2\/pages\/184","targetHints":{"allow":["GET"]}}],"collection":[{"href":"https:\/\/thaimassagetorremolinos.com\/en\/wp-json\/wp\/v2\/pages"}],"about":[{"href":"https:\/\/thaimassagetorremolinos.com\/en\/wp-json\/wp\/v2\/types\/page"}],"author":[{"embeddable":true,"href":"https:\/\/thaimassagetorremolinos.com\/en\/wp-json\/wp\/v2\/users\/2"}],"replies":[{"embeddable":true,"href":"https:\/\/thaimassagetorremolinos.com\/en\/wp-json\/wp\/v2\/comments?post=184"}],"version-history":[{"count":25,"href":"https:\/\/thaimassagetorremolinos.com\/en\/wp-json\/wp\/v2\/pages\/184\/revisions"}],"predecessor-version":[{"id":1009,"href":"https:\/\/thaimassagetorremolinos.com\/en\/wp-json\/wp\/v2\/pages\/184\/revisions\/1009"}],"wp:attachment":[{"href":"https:\/\/thaimassagetorremolinos.com\/en\/wp-json\/wp\/v2\/media?parent=184"}],"curies":[{"name":"wp","href":"https:\/\/api.w.org\/{rel}","templated":true}]}}